{"id":9640,"date":"2014-11-11T11:22:42","date_gmt":"2014-11-11T11:22:42","guid":{"rendered":"https:\/\/auto-repair.vamtam.com\/?page_id=9640"},"modified":"2019-05-07T18:04:43","modified_gmt":"2019-05-07T16:04:43","slug":"specials","status":"publish","type":"page","link":"https:\/\/modelisme-martinique.com\/index.php\/specials\/","title":{"rendered":"Cat\u00e9gories"},"content":{"rendered":"<div class=\"row \"><div class=\"wpv-grid grid-1-1  wpv-first-level first has-background extended\" style=\"\n\t\t\t\tbackground: url( '<\/p>' )  center center;\n\t\t\t\tbackground-size: auto;\n\t\t\tbackground-attachment: fixed;background-color:#A7D9EE;padding-top:70px;padding-bottom:70px\" id=\"wpv-column-8366bc0bb057a03e8db629105a12395e\" ><div class=\"extended-column-inner\"><style>#wpv-column-8366bc0bb057a03e8db629105a12395e p,#wpv-column-8366bc0bb057a03e8db629105a12395e em,#wpv-column-8366bc0bb057a03e8db629105a12395e .column-title,#wpv-column-8366bc0bb057a03e8db629105a12395e .sep-text h2.regular-title-wrapper,#wpv-column-8366bc0bb057a03e8db629105a12395e .text-divider-double,#wpv-column-8366bc0bb057a03e8db629105a12395e .sep-text .sep-text-line,#wpv-column-8366bc0bb057a03e8db629105a12395e .sep,#wpv-column-8366bc0bb057a03e8db629105a12395e .sep-2,#wpv-column-8366bc0bb057a03e8db629105a12395e .sep-3,#wpv-column-8366bc0bb057a03e8db629105a12395e td,#wpv-column-8366bc0bb057a03e8db629105a12395e th,#wpv-column-8366bc0bb057a03e8db629105a12395e caption{color:#18607e;}#wpv-column-8366bc0bb057a03e8db629105a12395e:before{background-color:transparent;}<\/style><div class=\"row \"><div class=\"wpv-grid grid-1-4  first unextended\" style=\"padding-top:0px;padding-bottom:0px\" id=\"wpv-column-0fb355f07ce09729739d2bb920432bdf\" ><div class=\"services has-more \" id=\"wpv-expandable-42c524d0998cae85fad7bc1c8474f5e4\">\n\t<div class=\"closed services-inside\">\n\t\t<div class=\"services-content-wrapper clearfix\">\n\t\t\t\n\t\t\t\t\t\t\n<h4>Cat\u00e9gorie<\/h4>\n<h1><span class=\"vamtam-font-style-2 with-color\">1\/28 <\/span><\/h1>\n<h1><span class=\"vamtam-font-style-2 with-color\">Mini Z<br \/>\n<\/span><\/h1>\n<p>Echelle 1\/28 moteur \u00e9lectrique. L\u00e9g\u00e8re et peu on\u00e9reuse, la Mini-Z est id\u00e9ale pour d\u00e9buter.<\/p>\n\n\t\t<\/div>\n\t<\/div>\n\t<div class=\"open services-inside\">\n\t\t<div class=\"services-content-wrapper\">\n\t\t\t<div class=\"row\">\n\t\t\t\t\n<div class=\"push \" style=\"height:10px\"><\/div>\n<ul>\n<li>Echelle : 1\/28<\/li>\n<li>Moteur : \u00e9lectrique<\/li>\n<li>Roues motrices : arri\u00e8res<\/li>\n<\/ul>\n<div class=\"push \" style=\"height:5px\"><\/div>\n<a href=\"https:\/\/modelisme-martinique.com\/index.php\/1-28-mini-z\/\" target=\"_self\" style='font-size: 14px;' class=\"vamtam-button accent1  button-filled hover-accent3 \"><span class=\"btext\">En savoir plus<\/span><span class='icon shortcode theme  use-hover' style='color:#ffffff;font-size:22px !important;'>&#58886;<\/span><\/a>\n<div class=\"push \" style=\"height:20px\"><\/div>\n\t\t\t<\/div>\n\t\t<\/div>\n\t<\/div>\n<\/div>\n<style scoped>#wpv-expandable-42c524d0998cae85fad7bc1c8474f5e4 .closed{background:url('https:\/\/modelisme-martinique.com\/wp-content\/uploads\/2019\/05\/miniz-1.jpg') scroll;background-size:cover;background-color:#989898;}#wpv-expandable-42c524d0998cae85fad7bc1c8474f5e4 .closed,#wpv-expandable-42c524d0998cae85fad7bc1c8474f5e4 .closed p,#wpv-expandable-42c524d0998cae85fad7bc1c8474f5e4 .closed .sep-text h2.regular-title-wrapper,#wpv-expandable-42c524d0998cae85fad7bc1c8474f5e4 .closed .text-divider-double,#wpv-expandable-42c524d0998cae85fad7bc1c8474f5e4 .closed .sep-text .sep-text-line,#wpv-expandable-42c524d0998cae85fad7bc1c8474f5e4 .closed .sep,#wpv-expandable-42c524d0998cae85fad7bc1c8474f5e4 .closed .sep-2,#wpv-expandable-42c524d0998cae85fad7bc1c8474f5e4 .closed .sep-3,#wpv-expandable-42c524d0998cae85fad7bc1c8474f5e4 .closed h1,#wpv-expandable-42c524d0998cae85fad7bc1c8474f5e4 .closed h2,#wpv-expandable-42c524d0998cae85fad7bc1c8474f5e4 .closed h3,#wpv-expandable-42c524d0998cae85fad7bc1c8474f5e4 .closed h4,#wpv-expandable-42c524d0998cae85fad7bc1c8474f5e4 .closed h5,#wpv-expandable-42c524d0998cae85fad7bc1c8474f5e4 .closed h6,#wpv-expandable-42c524d0998cae85fad7bc1c8474f5e4 .closed td,#wpv-expandable-42c524d0998cae85fad7bc1c8474f5e4 .closed th,#wpv-expandable-42c524d0998cae85fad7bc1c8474f5e4 .closed caption{color:#fff;}#wpv-expandable-42c524d0998cae85fad7bc1c8474f5e4 .open{background:#fff;}#wpv-expandable-42c524d0998cae85fad7bc1c8474f5e4 .open,#wpv-expandable-42c524d0998cae85fad7bc1c8474f5e4 .open p,#wpv-expandable-42c524d0998cae85fad7bc1c8474f5e4 .open .sep-text h2.regular-title-wrapper,#wpv-expandable-42c524d0998cae85fad7bc1c8474f5e4 .open .text-divider-double,#wpv-expandable-42c524d0998cae85fad7bc1c8474f5e4 .open .sep-text .sep-text-line,#wpv-expandable-42c524d0998cae85fad7bc1c8474f5e4 .open .sep,#wpv-expandable-42c524d0998cae85fad7bc1c8474f5e4 .open .sep-2,#wpv-expandable-42c524d0998cae85fad7bc1c8474f5e4 .open .sep-3,#wpv-expandable-42c524d0998cae85fad7bc1c8474f5e4 .open h1,#wpv-expandable-42c524d0998cae85fad7bc1c8474f5e4 .open h2,#wpv-expandable-42c524d0998cae85fad7bc1c8474f5e4 .open h3,#wpv-expandable-42c524d0998cae85fad7bc1c8474f5e4 .open h4,#wpv-expandable-42c524d0998cae85fad7bc1c8474f5e4 .open h5,#wpv-expandable-42c524d0998cae85fad7bc1c8474f5e4 .open h6,#wpv-expandable-42c524d0998cae85fad7bc1c8474f5e4 .open td,#wpv-expandable-42c524d0998cae85fad7bc1c8474f5e4 .open th,#wpv-expandable-42c524d0998cae85fad7bc1c8474f5e4 .open caption{color:#808080;}<\/style>\n<\/div>\n<div class=\"wpv-grid grid-1-4  unextended\" style=\"padding-top:0px;padding-bottom:0px\" id=\"wpv-column-4c19fc44312e6b435f71b2b70f80c037\" ><div class=\"services has-more \" id=\"wpv-expandable-651c42b08db376feccf5dfe229a02c8d\">\n\t<div class=\"closed services-inside\">\n\t\t<div class=\"services-content-wrapper clearfix\">\n\t\t\t\n\t\t\t\t\t\t\n<h4>Cat\u00e9gorie<\/h4>\n<h1><span class=\"vamtam-font-style-2 with-color\">1\/8 Classique<br \/>\n<\/span><\/h1>\n<p>Echelle 1\/8 \u00e0 moteur thermique. La 1\/8 classique est un basique du mod\u00e9lisme sur piste. Elle rapide avec de nombreuse option de r\u00e9glage.<\/p>\n\n\t\t<\/div>\n\t<\/div>\n\t<div class=\"open services-inside\">\n\t\t<div class=\"services-content-wrapper\">\n\t\t\t<div class=\"row\">\n\t\t\t\t\n<div class=\"push \" style=\"height:10px\"><\/div>\n<ul>\n<li>Echelle : 1\/8<\/li>\n<li>Moteur : thermique<\/li>\n<li>Roues motrices : arri\u00e8res<\/li>\n<\/ul>\n<div class=\"push \" style=\"height:5px\"><\/div>\n<a href=\"https:\/\/modelisme-martinique.com\/index.php\/1-8-classique\/\" target=\"_self\" style='font-size: 14px;' class=\"vamtam-button accent1  button-filled hover-accent3 \"><span class=\"btext\">En savoir plus<\/span><span class='icon shortcode theme  use-hover' style='color:#ffffff;font-size:22px !important;'>&#58886;<\/span><\/a>\n<div class=\"push \" style=\"height:20px\"><\/div>\n\t\t\t<\/div>\n\t\t<\/div>\n\t<\/div>\n<\/div>\n<style scoped>#wpv-expandable-651c42b08db376feccf5dfe229a02c8d .closed{background:url('https:\/\/modelisme-martinique.com\/wp-content\/uploads\/2019\/05\/image-logo-2-1.jpg') scroll;background-size:cover;background-color:#989898;}#wpv-expandable-651c42b08db376feccf5dfe229a02c8d .closed,#wpv-expandable-651c42b08db376feccf5dfe229a02c8d .closed p,#wpv-expandable-651c42b08db376feccf5dfe229a02c8d .closed .sep-text h2.regular-title-wrapper,#wpv-expandable-651c42b08db376feccf5dfe229a02c8d .closed .text-divider-double,#wpv-expandable-651c42b08db376feccf5dfe229a02c8d .closed .sep-text .sep-text-line,#wpv-expandable-651c42b08db376feccf5dfe229a02c8d .closed .sep,#wpv-expandable-651c42b08db376feccf5dfe229a02c8d .closed .sep-2,#wpv-expandable-651c42b08db376feccf5dfe229a02c8d .closed .sep-3,#wpv-expandable-651c42b08db376feccf5dfe229a02c8d .closed h1,#wpv-expandable-651c42b08db376feccf5dfe229a02c8d .closed h2,#wpv-expandable-651c42b08db376feccf5dfe229a02c8d .closed h3,#wpv-expandable-651c42b08db376feccf5dfe229a02c8d .closed h4,#wpv-expandable-651c42b08db376feccf5dfe229a02c8d .closed h5,#wpv-expandable-651c42b08db376feccf5dfe229a02c8d .closed h6,#wpv-expandable-651c42b08db376feccf5dfe229a02c8d .closed td,#wpv-expandable-651c42b08db376feccf5dfe229a02c8d .closed th,#wpv-expandable-651c42b08db376feccf5dfe229a02c8d .closed caption{color:#fff;}#wpv-expandable-651c42b08db376feccf5dfe229a02c8d .open{background:#fff;}#wpv-expandable-651c42b08db376feccf5dfe229a02c8d .open,#wpv-expandable-651c42b08db376feccf5dfe229a02c8d .open p,#wpv-expandable-651c42b08db376feccf5dfe229a02c8d .open .sep-text h2.regular-title-wrapper,#wpv-expandable-651c42b08db376feccf5dfe229a02c8d .open .text-divider-double,#wpv-expandable-651c42b08db376feccf5dfe229a02c8d .open .sep-text .sep-text-line,#wpv-expandable-651c42b08db376feccf5dfe229a02c8d .open .sep,#wpv-expandable-651c42b08db376feccf5dfe229a02c8d .open .sep-2,#wpv-expandable-651c42b08db376feccf5dfe229a02c8d .open .sep-3,#wpv-expandable-651c42b08db376feccf5dfe229a02c8d .open h1,#wpv-expandable-651c42b08db376feccf5dfe229a02c8d .open h2,#wpv-expandable-651c42b08db376feccf5dfe229a02c8d .open h3,#wpv-expandable-651c42b08db376feccf5dfe229a02c8d .open h4,#wpv-expandable-651c42b08db376feccf5dfe229a02c8d .open h5,#wpv-expandable-651c42b08db376feccf5dfe229a02c8d .open h6,#wpv-expandable-651c42b08db376feccf5dfe229a02c8d .open td,#wpv-expandable-651c42b08db376feccf5dfe229a02c8d .open th,#wpv-expandable-651c42b08db376feccf5dfe229a02c8d .open caption{color:#808080;}<\/style>\n<\/div>\n<div class=\"wpv-grid grid-1-4  unextended\" style=\"padding-top:0px;padding-bottom:0px\" id=\"wpv-column-8ce31790457bc9e9919063a035575055\" ><div class=\"services has-more \" id=\"wpv-expandable-44e21d20463fb6c5f0025c63677776ea\">\n\t<div class=\"closed services-inside\">\n\t\t<div class=\"services-content-wrapper clearfix\">\n\t\t\t\n\t\t\t\t\t\t\n<h4>Cat\u00e9gorie<\/h4>\n<h1><span class=\"vamtam-font-style-2 with-color\">1\/8 brushless<br \/>\n<\/span><\/h1>\n<p>Echelle 1\/8 quatre roues motrices \u00e0 moteur \u00e9lectrique. Ses performances vous \u00e9tonneront.<\/p>\n\n\t\t<\/div>\n\t<\/div>\n\t<div class=\"open services-inside\">\n\t\t<div class=\"services-content-wrapper\">\n\t\t\t<div class=\"row\">\n\t\t\t\t\n<div class=\"push \" style=\"height:10px\"><\/div>\n<ul>\n<li>Echelle : 1\/8<\/li>\n<li>Moteur : \u00e9lectrique brushless<\/li>\n<li>Roues motrices : 4&#215;4<\/li>\n<\/ul>\n<div class=\"push \" style=\"height:5px\"><\/div>\n<a href=\"https:\/\/modelisme-martinique.com\/index.php\/1-8-brushless\/\" target=\"_self\" style='font-size: 14px;' class=\"vamtam-button accent1  button-filled hover-accent3 \"><span class=\"btext\">En savoir plus<\/span><span class='icon shortcode theme  use-hover' style='color:#ffffff;font-size:22px !important;'>&#58886;<\/span><\/a>\n<div class=\"push \" style=\"height:20px\"><\/div>\n\t\t\t<\/div>\n\t\t<\/div>\n\t<\/div>\n<\/div>\n<style scoped>#wpv-expandable-44e21d20463fb6c5f0025c63677776ea .closed{background:url('https:\/\/modelisme-martinique.com\/wp-content\/uploads\/2019\/05\/brushless-1.jpg') scroll;background-size:cover;background-color:#989898;}#wpv-expandable-44e21d20463fb6c5f0025c63677776ea .closed,#wpv-expandable-44e21d20463fb6c5f0025c63677776ea .closed p,#wpv-expandable-44e21d20463fb6c5f0025c63677776ea .closed .sep-text h2.regular-title-wrapper,#wpv-expandable-44e21d20463fb6c5f0025c63677776ea .closed .text-divider-double,#wpv-expandable-44e21d20463fb6c5f0025c63677776ea .closed .sep-text .sep-text-line,#wpv-expandable-44e21d20463fb6c5f0025c63677776ea .closed .sep,#wpv-expandable-44e21d20463fb6c5f0025c63677776ea .closed .sep-2,#wpv-expandable-44e21d20463fb6c5f0025c63677776ea .closed .sep-3,#wpv-expandable-44e21d20463fb6c5f0025c63677776ea .closed h1,#wpv-expandable-44e21d20463fb6c5f0025c63677776ea .closed h2,#wpv-expandable-44e21d20463fb6c5f0025c63677776ea .closed h3,#wpv-expandable-44e21d20463fb6c5f0025c63677776ea .closed h4,#wpv-expandable-44e21d20463fb6c5f0025c63677776ea .closed h5,#wpv-expandable-44e21d20463fb6c5f0025c63677776ea .closed h6,#wpv-expandable-44e21d20463fb6c5f0025c63677776ea .closed td,#wpv-expandable-44e21d20463fb6c5f0025c63677776ea .closed th,#wpv-expandable-44e21d20463fb6c5f0025c63677776ea .closed caption{color:#fff;}#wpv-expandable-44e21d20463fb6c5f0025c63677776ea .open{background:#fff;}#wpv-expandable-44e21d20463fb6c5f0025c63677776ea .open,#wpv-expandable-44e21d20463fb6c5f0025c63677776ea .open p,#wpv-expandable-44e21d20463fb6c5f0025c63677776ea .open .sep-text h2.regular-title-wrapper,#wpv-expandable-44e21d20463fb6c5f0025c63677776ea .open .text-divider-double,#wpv-expandable-44e21d20463fb6c5f0025c63677776ea .open .sep-text .sep-text-line,#wpv-expandable-44e21d20463fb6c5f0025c63677776ea .open .sep,#wpv-expandable-44e21d20463fb6c5f0025c63677776ea .open .sep-2,#wpv-expandable-44e21d20463fb6c5f0025c63677776ea .open .sep-3,#wpv-expandable-44e21d20463fb6c5f0025c63677776ea .open h1,#wpv-expandable-44e21d20463fb6c5f0025c63677776ea .open h2,#wpv-expandable-44e21d20463fb6c5f0025c63677776ea .open h3,#wpv-expandable-44e21d20463fb6c5f0025c63677776ea .open h4,#wpv-expandable-44e21d20463fb6c5f0025c63677776ea .open h5,#wpv-expandable-44e21d20463fb6c5f0025c63677776ea .open h6,#wpv-expandable-44e21d20463fb6c5f0025c63677776ea .open td,#wpv-expandable-44e21d20463fb6c5f0025c63677776ea .open th,#wpv-expandable-44e21d20463fb6c5f0025c63677776ea .open caption{color:#808080;}<\/style>\n<\/div>\n<div class=\"wpv-grid grid-1-4  unextended\" style=\"padding-top:0px;padding-bottom:0px\" id=\"wpv-column-5ebc4608ff9901a0d444e8ca78a7a136\" ><div class=\"services has-more \" id=\"wpv-expandable-f8c0962ef3b206813a447410e6493b19\">\n\t<div class=\"closed services-inside\">\n\t\t<div class=\"services-content-wrapper clearfix\">\n\t\t\t\n\t\t\t\t\t\t\n<h4>Cat\u00e9gorie<\/h4>\n<h1><span class=\"vamtam-font-style-2 with-color\">1\/5<br \/>\n<\/span><\/h1>\n<p>Echelle 1\/5 \u00e0 moteur thermique. La plus grosse cat\u00e9gorie avec un pilotage et des r\u00e9glages pointus.<\/p>\n\n\t\t<\/div>\n\t<\/div>\n\t<div class=\"open services-inside\">\n\t\t<div class=\"services-content-wrapper\">\n\t\t\t<div class=\"row\">\n\t\t\t\t\n<div class=\"push \" style=\"height:10px\"><\/div>\n<ul>\n<li>Echelle 1\/5<\/li>\n<li>Moteur : thermique<\/li>\n<li>Roues motrices : arri\u00e8res<\/li>\n<\/ul>\n<div class=\"push \" style=\"height:5px\"><\/div>\n<a href=\"https:\/\/modelisme-martinique.com\/index.php\/1-5\/\" target=\"_self\" style='font-size: 14px;' class=\"vamtam-button accent1  button-filled hover-accent3 \"><span class=\"btext\">En savoir plus<\/span><span class='icon shortcode theme  use-hover' style='color:#ffffff;font-size:22px !important;'>&#58886;<\/span><\/a>\n<div class=\"push \" style=\"height:20px\"><\/div>\n\t\t\t<\/div>\n\t\t<\/div>\n\t<\/div>\n<\/div>\n<style scoped>#wpv-expandable-f8c0962ef3b206813a447410e6493b19 .closed{background:url('https:\/\/modelisme-martinique.com\/wp-content\/uploads\/2019\/05\/15thermique-2.jpg') scroll;background-size:cover;background-color:#989898;}#wpv-expandable-f8c0962ef3b206813a447410e6493b19 .closed,#wpv-expandable-f8c0962ef3b206813a447410e6493b19 .closed p,#wpv-expandable-f8c0962ef3b206813a447410e6493b19 .closed .sep-text h2.regular-title-wrapper,#wpv-expandable-f8c0962ef3b206813a447410e6493b19 .closed .text-divider-double,#wpv-expandable-f8c0962ef3b206813a447410e6493b19 .closed .sep-text .sep-text-line,#wpv-expandable-f8c0962ef3b206813a447410e6493b19 .closed .sep,#wpv-expandable-f8c0962ef3b206813a447410e6493b19 .closed .sep-2,#wpv-expandable-f8c0962ef3b206813a447410e6493b19 .closed .sep-3,#wpv-expandable-f8c0962ef3b206813a447410e6493b19 .closed h1,#wpv-expandable-f8c0962ef3b206813a447410e6493b19 .closed h2,#wpv-expandable-f8c0962ef3b206813a447410e6493b19 .closed h3,#wpv-expandable-f8c0962ef3b206813a447410e6493b19 .closed h4,#wpv-expandable-f8c0962ef3b206813a447410e6493b19 .closed h5,#wpv-expandable-f8c0962ef3b206813a447410e6493b19 .closed h6,#wpv-expandable-f8c0962ef3b206813a447410e6493b19 .closed td,#wpv-expandable-f8c0962ef3b206813a447410e6493b19 .closed th,#wpv-expandable-f8c0962ef3b206813a447410e6493b19 .closed caption{color:#fff;}#wpv-expandable-f8c0962ef3b206813a447410e6493b19 .open{background:#fff;}#wpv-expandable-f8c0962ef3b206813a447410e6493b19 .open,#wpv-expandable-f8c0962ef3b206813a447410e6493b19 .open p,#wpv-expandable-f8c0962ef3b206813a447410e6493b19 .open .sep-text h2.regular-title-wrapper,#wpv-expandable-f8c0962ef3b206813a447410e6493b19 .open .text-divider-double,#wpv-expandable-f8c0962ef3b206813a447410e6493b19 .open .sep-text .sep-text-line,#wpv-expandable-f8c0962ef3b206813a447410e6493b19 .open .sep,#wpv-expandable-f8c0962ef3b206813a447410e6493b19 .open .sep-2,#wpv-expandable-f8c0962ef3b206813a447410e6493b19 .open .sep-3,#wpv-expandable-f8c0962ef3b206813a447410e6493b19 .open h1,#wpv-expandable-f8c0962ef3b206813a447410e6493b19 .open h2,#wpv-expandable-f8c0962ef3b206813a447410e6493b19 .open h3,#wpv-expandable-f8c0962ef3b206813a447410e6493b19 .open h4,#wpv-expandable-f8c0962ef3b206813a447410e6493b19 .open h5,#wpv-expandable-f8c0962ef3b206813a447410e6493b19 .open h6,#wpv-expandable-f8c0962ef3b206813a447410e6493b19 .open td,#wpv-expandable-f8c0962ef3b206813a447410e6493b19 .open th,#wpv-expandable-f8c0962ef3b206813a447410e6493b19 .open caption{color:#808080;}<\/style>\n<\/div><\/div><\/div><\/div><\/div>\n","protected":false},"excerpt":{"rendered":"Cat\u00e9gorie 1\/28 Mini Z Echelle 1\/28 moteur \u00e9lectrique. L\u00e9g\u00e8re et peu on\u00e9reuse, la Mini-Z est id\u00e9ale pour d\u00e9buter. Echelle : 1\/28 Moteur : \u00e9lectrique Roues motrices : arri\u00e8res En savoir plus&#58886; Cat\u00e9gorie 1\/8 Classique Echelle 1\/8 \u00e0 moteur thermique. La 1\/8 classique est un basique du mod\u00e9lisme sur piste. Elle rapide avec de nombreuse option","protected":false},"author":1,"featured_media":0,"parent":0,"menu_order":0,"comment_status":"closed","ping_status":"open","template":"","meta":[],"yoast_head":"<!-- This site is optimized with the Yoast SEO plugin v15.9 - https:\/\/yoast.com\/wordpress\/plugins\/seo\/ -->\n<title>Cat\u00e9gories - martinique modelisme<\/title>\n<meta name=\"robots\" content=\"index, follow, max-snippet:-1, max-image-preview:large, max-video-preview:-1\" \/>\n<link rel=\"canonical\" href=\"https:\/\/modelisme-martinique.com\/index.php\/specials\/\" \/>\n<meta property=\"og:locale\" content=\"fr_FR\" \/>\n<meta property=\"og:type\" content=\"article\" \/>\n<meta property=\"og:title\" content=\"Cat\u00e9gories - martinique modelisme\" \/>\n<meta property=\"og:url\" content=\"https:\/\/modelisme-martinique.com\/index.php\/specials\/\" \/>\n<meta property=\"og:site_name\" content=\"martinique modelisme\" \/>\n<meta property=\"article:modified_time\" content=\"2019-05-07T16:04:43+00:00\" \/>\n<meta name=\"twitter:card\" content=\"summary_large_image\" \/>\n<meta name=\"twitter:label1\" content=\"Dur\u00e9e de lecture est.\">\n\t<meta name=\"twitter:data1\" content=\"3 minutes\">\n<script type=\"application\/ld+json\" class=\"yoast-schema-graph\">{\"@context\":\"https:\/\/schema.org\",\"@graph\":[{\"@type\":\"WebSite\",\"@id\":\"https:\/\/modelisme-martinique.com\/#website\",\"url\":\"https:\/\/modelisme-martinique.com\/\",\"name\":\"martinique modelisme\",\"description\":\"Le num\\u00e9ro 1 de la voiture RC en Martinique\",\"potentialAction\":[{\"@type\":\"SearchAction\",\"target\":\"https:\/\/modelisme-martinique.com\/?s={search_term_string}\",\"query-input\":\"required name=search_term_string\"}],\"inLanguage\":\"fr-FR\"},{\"@type\":\"WebPage\",\"@id\":\"https:\/\/modelisme-martinique.com\/index.php\/specials\/#webpage\",\"url\":\"https:\/\/modelisme-martinique.com\/index.php\/specials\/\",\"name\":\"Cat\\u00e9gories - martinique modelisme\",\"isPartOf\":{\"@id\":\"https:\/\/modelisme-martinique.com\/#website\"},\"datePublished\":\"2014-11-11T11:22:42+00:00\",\"dateModified\":\"2019-05-07T16:04:43+00:00\",\"breadcrumb\":{\"@id\":\"https:\/\/modelisme-martinique.com\/index.php\/specials\/#breadcrumb\"},\"inLanguage\":\"fr-FR\",\"potentialAction\":[{\"@type\":\"ReadAction\",\"target\":[\"https:\/\/modelisme-martinique.com\/index.php\/specials\/\"]}]},{\"@type\":\"BreadcrumbList\",\"@id\":\"https:\/\/modelisme-martinique.com\/index.php\/specials\/#breadcrumb\",\"itemListElement\":[{\"@type\":\"ListItem\",\"position\":1,\"item\":{\"@type\":\"WebPage\",\"@id\":\"https:\/\/modelisme-martinique.com\/\",\"url\":\"https:\/\/modelisme-martinique.com\/\",\"name\":\"Accueil\"}},{\"@type\":\"ListItem\",\"position\":2,\"item\":{\"@type\":\"WebPage\",\"@id\":\"https:\/\/modelisme-martinique.com\/index.php\/specials\/\",\"url\":\"https:\/\/modelisme-martinique.com\/index.php\/specials\/\",\"name\":\"Cat\\u00e9gories\"}}]}]}<\/script>\n<!-- \/ Yoast SEO plugin. -->","_links":{"self":[{"href":"https:\/\/modelisme-martinique.com\/index.php\/wp-json\/wp\/v2\/pages\/9640"}],"collection":[{"href":"https:\/\/modelisme-martinique.com\/index.php\/wp-json\/wp\/v2\/pages"}],"about":[{"href":"https:\/\/modelisme-martinique.com\/index.php\/wp-json\/wp\/v2\/types\/page"}],"author":[{"embeddable":true,"href":"https:\/\/modelisme-martinique.com\/index.php\/wp-json\/wp\/v2\/users\/1"}],"replies":[{"embeddable":true,"href":"https:\/\/modelisme-martinique.com\/index.php\/wp-json\/wp\/v2\/comments?post=9640"}],"version-history":[{"count":38,"href":"https:\/\/modelisme-martinique.com\/index.php\/wp-json\/wp\/v2\/pages\/9640\/revisions"}],"predecessor-version":[{"id":10324,"href":"https:\/\/modelisme-martinique.com\/index.php\/wp-json\/wp\/v2\/pages\/9640\/revisions\/10324"}],"wp:attachment":[{"href":"https:\/\/modelisme-martinique.com\/index.php\/wp-json\/wp\/v2\/media?parent=9640"}],"curies":[{"name":"wp","href":"https:\/\/api.w.org\/{rel}","templated":true}]}}