{"id":10310,"date":"2019-05-07T17:49:28","date_gmt":"2019-05-07T15:49:28","guid":{"rendered":"https:\/\/modelisme-martinique.com\/?page_id=10310"},"modified":"2019-05-09T16:26:05","modified_gmt":"2019-05-09T14:26:05","slug":"1-8-brushless","status":"publish","type":"page","link":"https:\/\/modelisme-martinique.com\/index.php\/1-8-brushless\/","title":{"rendered":"1\/8 Brushless"},"content":{"rendered":"\n<p>Cousine des 1\/8 Classiques, elles ont abandonn\u00e9 le moteur thermique au profit d&rsquo;un moteur \u00e9lectrique dit Brushless. Elles adoptent une transmission int\u00e9grale (c&rsquo;est \u00e0 dire que les quatre roues sont motrices) ce qui rend ces voitures radiocommand\u00e9es bien plus stables et faciles \u00e0 piloter. Le moteur Brushless permet \u00e9galement des acc\u00e9l\u00e9rations plus franches. Le revers de la m\u00e9daille est l&rsquo;autonomie de ses voitures radiocommand\u00e9es. Avec une batteries charg\u00e9e on peu esp\u00e9rer rouler une dizaine de minutes. Il sera donc recommand\u00e9 d&rsquo;avoir quelques batteries de rechanges pour s&rsquo;amuser pleinement avec ses voitures radiocommand\u00e9es.  <\/p>\n","protected":false},"excerpt":{"rendered":"<p>Cousine des 1\/8 Classiques, elles ont abandonn\u00e9 le moteur thermique au profit d&rsquo;un moteur \u00e9lectrique dit Brushless. Elles adoptent une transmission int\u00e9grale (c&rsquo;est \u00e0 dire que les quatre roues sont motrices) ce qui rend ces voitures radiocommand\u00e9es bien plus stables et faciles \u00e0 piloter. Le moteur Brushless permet \u00e9galement des acc\u00e9l\u00e9rations plus franches. Le revers<\/p>\n","protected":false},"author":1,"featured_media":0,"parent":0,"menu_order":0,"comment_status":"closed","ping_status":"closed","template":"","meta":[],"yoast_head":"<!-- This site is optimized with the Yoast SEO plugin v15.9 - https:\/\/yoast.com\/wordpress\/plugins\/seo\/ -->\n<title>1\/8 Brushless - martinique modelisme<\/title>\n<meta name=\"robots\" content=\"index, follow, max-snippet:-1, max-image-preview:large, max-video-preview:-1\" \/>\n<link rel=\"canonical\" href=\"https:\/\/modelisme-martinique.com\/index.php\/1-8-brushless\/\" \/>\n<meta property=\"og:locale\" content=\"fr_FR\" \/>\n<meta property=\"og:type\" content=\"article\" \/>\n<meta property=\"og:title\" content=\"1\/8 Brushless - martinique modelisme\" \/>\n<meta property=\"og:description\" content=\"Cousine des 1\/8 Classiques, elles ont abandonn\u00e9 le moteur thermique au profit d&rsquo;un moteur \u00e9lectrique dit Brushless. Elles adoptent une transmission int\u00e9grale (c&rsquo;est \u00e0 dire que les quatre roues sont motrices) ce qui rend ces voitures radiocommand\u00e9es bien plus stables et faciles \u00e0 piloter. Le moteur Brushless permet \u00e9galement des acc\u00e9l\u00e9rations plus franches. Le revers\" \/>\n<meta property=\"og:url\" content=\"https:\/\/modelisme-martinique.com\/index.php\/1-8-brushless\/\" \/>\n<meta property=\"og:site_name\" content=\"martinique modelisme\" \/>\n<meta property=\"article:modified_time\" content=\"2019-05-09T14:26:05+00:00\" \/>\n<meta name=\"twitter:card\" content=\"summary_large_image\" \/>\n<script type=\"application\/ld+json\" class=\"yoast-schema-graph\">{\"@context\":\"https:\/\/schema.org\",\"@graph\":[{\"@type\":\"WebSite\",\"@id\":\"https:\/\/modelisme-martinique.com\/#website\",\"url\":\"https:\/\/modelisme-martinique.com\/\",\"name\":\"martinique modelisme\",\"description\":\"Le num\\u00e9ro 1 de la voiture RC en Martinique\",\"potentialAction\":[{\"@type\":\"SearchAction\",\"target\":\"https:\/\/modelisme-martinique.com\/?s={search_term_string}\",\"query-input\":\"required name=search_term_string\"}],\"inLanguage\":\"fr-FR\"},{\"@type\":\"WebPage\",\"@id\":\"https:\/\/modelisme-martinique.com\/index.php\/1-8-brushless\/#webpage\",\"url\":\"https:\/\/modelisme-martinique.com\/index.php\/1-8-brushless\/\",\"name\":\"1\/8 Brushless - martinique modelisme\",\"isPartOf\":{\"@id\":\"https:\/\/modelisme-martinique.com\/#website\"},\"datePublished\":\"2019-05-07T15:49:28+00:00\",\"dateModified\":\"2019-05-09T14:26:05+00:00\",\"breadcrumb\":{\"@id\":\"https:\/\/modelisme-martinique.com\/index.php\/1-8-brushless\/#breadcrumb\"},\"inLanguage\":\"fr-FR\",\"potentialAction\":[{\"@type\":\"ReadAction\",\"target\":[\"https:\/\/modelisme-martinique.com\/index.php\/1-8-brushless\/\"]}]},{\"@type\":\"BreadcrumbList\",\"@id\":\"https:\/\/modelisme-martinique.com\/index.php\/1-8-brushless\/#breadcrumb\",\"itemListElement\":[{\"@type\":\"ListItem\",\"position\":1,\"item\":{\"@type\":\"WebPage\",\"@id\":\"https:\/\/modelisme-martinique.com\/\",\"url\":\"https:\/\/modelisme-martinique.com\/\",\"name\":\"Accueil\"}},{\"@type\":\"ListItem\",\"position\":2,\"item\":{\"@type\":\"WebPage\",\"@id\":\"https:\/\/modelisme-martinique.com\/index.php\/1-8-brushless\/\",\"url\":\"https:\/\/modelisme-martinique.com\/index.php\/1-8-brushless\/\",\"name\":\"1\/8 Brushless\"}}]}]}<\/script>\n<!-- \/ Yoast SEO plugin. -->","_links":{"self":[{"href":"https:\/\/modelisme-martinique.com\/index.php\/wp-json\/wp\/v2\/pages\/10310"}],"collection":[{"href":"https:\/\/modelisme-martinique.com\/index.php\/wp-json\/wp\/v2\/pages"}],"about":[{"href":"https:\/\/modelisme-martinique.com\/index.php\/wp-json\/wp\/v2\/types\/page"}],"author":[{"embeddable":true,"href":"https:\/\/modelisme-martinique.com\/index.php\/wp-json\/wp\/v2\/users\/1"}],"replies":[{"embeddable":true,"href":"https:\/\/modelisme-martinique.com\/index.php\/wp-json\/wp\/v2\/comments?post=10310"}],"version-history":[{"count":3,"href":"https:\/\/modelisme-martinique.com\/index.php\/wp-json\/wp\/v2\/pages\/10310\/revisions"}],"predecessor-version":[{"id":10344,"href":"https:\/\/modelisme-martinique.com\/index.php\/wp-json\/wp\/v2\/pages\/10310\/revisions\/10344"}],"wp:attachment":[{"href":"https:\/\/modelisme-martinique.com\/index.php\/wp-json\/wp\/v2\/media?parent=10310"}],"curies":[{"name":"wp","href":"https:\/\/api.w.org\/{rel}","templated":true}]}}