{"id":10308,"date":"2019-05-07T17:48:21","date_gmt":"2019-05-07T15:48:21","guid":{"rendered":"https:\/\/modelisme-martinique.com\/?page_id=10308"},"modified":"2019-05-09T21:11:22","modified_gmt":"2019-05-09T19:11:22","slug":"1-8-classique","status":"publish","type":"page","link":"https:\/\/modelisme-martinique.com\/index.php\/1-8-classique\/","title":{"rendered":"1\/8 Classique"},"content":{"rendered":"\n<p>Largement inspir\u00e9e des voitures radiocommand\u00e9s des ann\u00e9es 70, c&rsquo;est tout simplement la cat\u00e9gorie reine du mod\u00e9lisme sur piste. La propulsion de cette voiture radiocommand\u00e9e s&rsquo;effectue gr\u00e2ce a un moteur thermique carburant au nitrom\u00e9thane. Ce dernier actionne les roues arri\u00e8res via une transmission \u00e0 courroie ou \u00e0 double courroies. Le tout est mont\u00e9 sur un ch\u00e2ssis non suspendue. Malgr\u00e9 leurs conceptions assez basiques, certains r\u00e9glages sont tout de m\u00eame possible comme l&rsquo;angle de pincement ou le carrossage des roues arri\u00e8res. Mais ne vous y trompez pas, malgr\u00e9 leur apparente simplicit\u00e9, les 1\/8 classique sont tr\u00e8s performante. Dernier point, cette simplicit\u00e9 entraine une grande fiabilit\u00e9. <\/p>\n","protected":false},"excerpt":{"rendered":"<p>Largement inspir\u00e9e des voitures radiocommand\u00e9s des ann\u00e9es 70, c&rsquo;est tout simplement la cat\u00e9gorie reine du mod\u00e9lisme sur piste. La propulsion de cette voiture radiocommand\u00e9e s&rsquo;effectue gr\u00e2ce a un moteur thermique carburant au nitrom\u00e9thane. Ce dernier actionne les roues arri\u00e8res via une transmission \u00e0 courroie ou \u00e0 double courroies. Le tout est mont\u00e9 sur un ch\u00e2ssis<\/p>\n","protected":false},"author":1,"featured_media":0,"parent":0,"menu_order":0,"comment_status":"closed","ping_status":"closed","template":"","meta":[],"yoast_head":"<!-- This site is optimized with the Yoast SEO plugin v15.9 - https:\/\/yoast.com\/wordpress\/plugins\/seo\/ -->\n<title>1\/8 Classique - martinique modelisme<\/title>\n<meta name=\"robots\" content=\"index, follow, max-snippet:-1, max-image-preview:large, max-video-preview:-1\" \/>\n<link rel=\"canonical\" href=\"https:\/\/modelisme-martinique.com\/index.php\/1-8-classique\/\" \/>\n<meta property=\"og:locale\" content=\"fr_FR\" \/>\n<meta property=\"og:type\" content=\"article\" \/>\n<meta property=\"og:title\" content=\"1\/8 Classique - martinique modelisme\" \/>\n<meta property=\"og:description\" content=\"Largement inspir\u00e9e des voitures radiocommand\u00e9s des ann\u00e9es 70, c&rsquo;est tout simplement la cat\u00e9gorie reine du mod\u00e9lisme sur piste. La propulsion de cette voiture radiocommand\u00e9e s&rsquo;effectue gr\u00e2ce a un moteur thermique carburant au nitrom\u00e9thane. Ce dernier actionne les roues arri\u00e8res via une transmission \u00e0 courroie ou \u00e0 double courroies. Le tout est mont\u00e9 sur un ch\u00e2ssis\" \/>\n<meta property=\"og:url\" content=\"https:\/\/modelisme-martinique.com\/index.php\/1-8-classique\/\" \/>\n<meta property=\"og:site_name\" content=\"martinique modelisme\" \/>\n<meta property=\"article:modified_time\" content=\"2019-05-09T19:11:22+00:00\" \/>\n<meta name=\"twitter:card\" content=\"summary_large_image\" \/>\n<meta name=\"twitter:label1\" content=\"Dur\u00e9e de lecture est.\">\n\t<meta name=\"twitter:data1\" content=\"1 minute\">\n<script type=\"application\/ld+json\" class=\"yoast-schema-graph\">{\"@context\":\"https:\/\/schema.org\",\"@graph\":[{\"@type\":\"WebSite\",\"@id\":\"https:\/\/modelisme-martinique.com\/#website\",\"url\":\"https:\/\/modelisme-martinique.com\/\",\"name\":\"martinique modelisme\",\"description\":\"Le num\\u00e9ro 1 de la voiture RC en Martinique\",\"potentialAction\":[{\"@type\":\"SearchAction\",\"target\":\"https:\/\/modelisme-martinique.com\/?s={search_term_string}\",\"query-input\":\"required name=search_term_string\"}],\"inLanguage\":\"fr-FR\"},{\"@type\":\"WebPage\",\"@id\":\"https:\/\/modelisme-martinique.com\/index.php\/1-8-classique\/#webpage\",\"url\":\"https:\/\/modelisme-martinique.com\/index.php\/1-8-classique\/\",\"name\":\"1\/8 Classique - martinique modelisme\",\"isPartOf\":{\"@id\":\"https:\/\/modelisme-martinique.com\/#website\"},\"datePublished\":\"2019-05-07T15:48:21+00:00\",\"dateModified\":\"2019-05-09T19:11:22+00:00\",\"breadcrumb\":{\"@id\":\"https:\/\/modelisme-martinique.com\/index.php\/1-8-classique\/#breadcrumb\"},\"inLanguage\":\"fr-FR\",\"potentialAction\":[{\"@type\":\"ReadAction\",\"target\":[\"https:\/\/modelisme-martinique.com\/index.php\/1-8-classique\/\"]}]},{\"@type\":\"BreadcrumbList\",\"@id\":\"https:\/\/modelisme-martinique.com\/index.php\/1-8-classique\/#breadcrumb\",\"itemListElement\":[{\"@type\":\"ListItem\",\"position\":1,\"item\":{\"@type\":\"WebPage\",\"@id\":\"https:\/\/modelisme-martinique.com\/\",\"url\":\"https:\/\/modelisme-martinique.com\/\",\"name\":\"Accueil\"}},{\"@type\":\"ListItem\",\"position\":2,\"item\":{\"@type\":\"WebPage\",\"@id\":\"https:\/\/modelisme-martinique.com\/index.php\/1-8-classique\/\",\"url\":\"https:\/\/modelisme-martinique.com\/index.php\/1-8-classique\/\",\"name\":\"1\/8 Classique\"}}]}]}<\/script>\n<!-- \/ Yoast SEO plugin. -->","_links":{"self":[{"href":"https:\/\/modelisme-martinique.com\/index.php\/wp-json\/wp\/v2\/pages\/10308"}],"collection":[{"href":"https:\/\/modelisme-martinique.com\/index.php\/wp-json\/wp\/v2\/pages"}],"about":[{"href":"https:\/\/modelisme-martinique.com\/index.php\/wp-json\/wp\/v2\/types\/page"}],"author":[{"embeddable":true,"href":"https:\/\/modelisme-martinique.com\/index.php\/wp-json\/wp\/v2\/users\/1"}],"replies":[{"embeddable":true,"href":"https:\/\/modelisme-martinique.com\/index.php\/wp-json\/wp\/v2\/comments?post=10308"}],"version-history":[{"count":5,"href":"https:\/\/modelisme-martinique.com\/index.php\/wp-json\/wp\/v2\/pages\/10308\/revisions"}],"predecessor-version":[{"id":10379,"href":"https:\/\/modelisme-martinique.com\/index.php\/wp-json\/wp\/v2\/pages\/10308\/revisions\/10379"}],"wp:attachment":[{"href":"https:\/\/modelisme-martinique.com\/index.php\/wp-json\/wp\/v2\/media?parent=10308"}],"curies":[{"name":"wp","href":"https:\/\/api.w.org\/{rel}","templated":true}]}}