{"id":10306,"date":"2019-05-07T17:47:47","date_gmt":"2019-05-07T15:47:47","guid":{"rendered":"https:\/\/modelisme-martinique.com\/?page_id=10306"},"modified":"2019-05-09T21:00:03","modified_gmt":"2019-05-09T19:00:03","slug":"1-28-mini-z","status":"publish","type":"page","link":"https:\/\/modelisme-martinique.com\/index.php\/1-28-mini-z\/","title":{"rendered":"1\/28 Mini-Z"},"content":{"rendered":"\n<p>La Mini-Z est la voiture radiocommand\u00e9e des d\u00e9butants par excellence. Principalement fabriqu\u00e9e par Kyosho, son utilisation est facile et peu on\u00e9reuse en fait un excellent choix pour d\u00e9buter en mod\u00e9lisme. Cette voiture radiocommand\u00e9e \u00e0 l&rsquo;\u00e9chelle 1\/28 propose un faible encombrement, lui permettant d&rsquo;\u00e9voluer en int\u00e9rieur sur de la moquette ou sur des dalles RCP. Propuls\u00e9es par un moteur \u00e9lectrique qui entraine les roues arri\u00e8res, elles disposent le plus souvent d&rsquo;un diff\u00e9rentiel. La motorisation existe en deux variantes, les moteurs \u00e0 charbons et le moteur Brushless. La seconde option n\u00e9cessite moins d&rsquo;entretien, offre plus de puissance et consomme moins. Il est aussi possible d&rsquo;effectuer quelques r\u00e9glages malgr\u00e9 la petite taille de ses voitures radiocommand\u00e9es.  Enfin, les circuits qui lui sont d\u00e9di\u00e9es sont facilement d\u00e9montable. Ceci les rend d\u00e9pla\u00e7able et modulable.   <\/p>\n","protected":false},"excerpt":{"rendered":"<p>La Mini-Z est la voiture radiocommand\u00e9e des d\u00e9butants par excellence. Principalement fabriqu\u00e9e par Kyosho, son utilisation est facile et peu on\u00e9reuse en fait un excellent choix pour d\u00e9buter en mod\u00e9lisme. Cette voiture radiocommand\u00e9e \u00e0 l&rsquo;\u00e9chelle 1\/28 propose un faible encombrement, lui permettant d&rsquo;\u00e9voluer en int\u00e9rieur sur de la moquette ou sur des dalles RCP. Propuls\u00e9es<\/p>\n","protected":false},"author":1,"featured_media":0,"parent":0,"menu_order":0,"comment_status":"closed","ping_status":"closed","template":"","meta":[],"yoast_head":"<!-- This site is optimized with the Yoast SEO plugin v15.9 - https:\/\/yoast.com\/wordpress\/plugins\/seo\/ -->\n<title>1\/28 Mini-Z - martinique modelisme<\/title>\n<meta name=\"robots\" content=\"index, follow, max-snippet:-1, max-image-preview:large, max-video-preview:-1\" \/>\n<link rel=\"canonical\" href=\"https:\/\/modelisme-martinique.com\/index.php\/1-28-mini-z\/\" \/>\n<meta property=\"og:locale\" content=\"fr_FR\" \/>\n<meta property=\"og:type\" content=\"article\" \/>\n<meta property=\"og:title\" content=\"1\/28 Mini-Z - martinique modelisme\" \/>\n<meta property=\"og:description\" content=\"La Mini-Z est la voiture radiocommand\u00e9e des d\u00e9butants par excellence. Principalement fabriqu\u00e9e par Kyosho, son utilisation est facile et peu on\u00e9reuse en fait un excellent choix pour d\u00e9buter en mod\u00e9lisme. Cette voiture radiocommand\u00e9e \u00e0 l&rsquo;\u00e9chelle 1\/28 propose un faible encombrement, lui permettant d&rsquo;\u00e9voluer en int\u00e9rieur sur de la moquette ou sur des dalles RCP. Propuls\u00e9es\" \/>\n<meta property=\"og:url\" content=\"https:\/\/modelisme-martinique.com\/index.php\/1-28-mini-z\/\" \/>\n<meta property=\"og:site_name\" content=\"martinique modelisme\" \/>\n<meta property=\"article:modified_time\" content=\"2019-05-09T19:00:03+00:00\" \/>\n<meta name=\"twitter:card\" content=\"summary_large_image\" \/>\n<meta name=\"twitter:label1\" content=\"Dur\u00e9e de lecture est.\">\n\t<meta name=\"twitter:data1\" content=\"1 minute\">\n<script type=\"application\/ld+json\" class=\"yoast-schema-graph\">{\"@context\":\"https:\/\/schema.org\",\"@graph\":[{\"@type\":\"WebSite\",\"@id\":\"https:\/\/modelisme-martinique.com\/#website\",\"url\":\"https:\/\/modelisme-martinique.com\/\",\"name\":\"martinique modelisme\",\"description\":\"Le num\\u00e9ro 1 de la voiture RC en Martinique\",\"potentialAction\":[{\"@type\":\"SearchAction\",\"target\":\"https:\/\/modelisme-martinique.com\/?s={search_term_string}\",\"query-input\":\"required name=search_term_string\"}],\"inLanguage\":\"fr-FR\"},{\"@type\":\"WebPage\",\"@id\":\"https:\/\/modelisme-martinique.com\/index.php\/1-28-mini-z\/#webpage\",\"url\":\"https:\/\/modelisme-martinique.com\/index.php\/1-28-mini-z\/\",\"name\":\"1\/28 Mini-Z - martinique modelisme\",\"isPartOf\":{\"@id\":\"https:\/\/modelisme-martinique.com\/#website\"},\"datePublished\":\"2019-05-07T15:47:47+00:00\",\"dateModified\":\"2019-05-09T19:00:03+00:00\",\"breadcrumb\":{\"@id\":\"https:\/\/modelisme-martinique.com\/index.php\/1-28-mini-z\/#breadcrumb\"},\"inLanguage\":\"fr-FR\",\"potentialAction\":[{\"@type\":\"ReadAction\",\"target\":[\"https:\/\/modelisme-martinique.com\/index.php\/1-28-mini-z\/\"]}]},{\"@type\":\"BreadcrumbList\",\"@id\":\"https:\/\/modelisme-martinique.com\/index.php\/1-28-mini-z\/#breadcrumb\",\"itemListElement\":[{\"@type\":\"ListItem\",\"position\":1,\"item\":{\"@type\":\"WebPage\",\"@id\":\"https:\/\/modelisme-martinique.com\/\",\"url\":\"https:\/\/modelisme-martinique.com\/\",\"name\":\"Accueil\"}},{\"@type\":\"ListItem\",\"position\":2,\"item\":{\"@type\":\"WebPage\",\"@id\":\"https:\/\/modelisme-martinique.com\/index.php\/1-28-mini-z\/\",\"url\":\"https:\/\/modelisme-martinique.com\/index.php\/1-28-mini-z\/\",\"name\":\"1\/28 Mini-Z\"}}]}]}<\/script>\n<!-- \/ Yoast SEO plugin. -->","_links":{"self":[{"href":"https:\/\/modelisme-martinique.com\/index.php\/wp-json\/wp\/v2\/pages\/10306"}],"collection":[{"href":"https:\/\/modelisme-martinique.com\/index.php\/wp-json\/wp\/v2\/pages"}],"about":[{"href":"https:\/\/modelisme-martinique.com\/index.php\/wp-json\/wp\/v2\/types\/page"}],"author":[{"embeddable":true,"href":"https:\/\/modelisme-martinique.com\/index.php\/wp-json\/wp\/v2\/users\/1"}],"replies":[{"embeddable":true,"href":"https:\/\/modelisme-martinique.com\/index.php\/wp-json\/wp\/v2\/comments?post=10306"}],"version-history":[{"count":17,"href":"https:\/\/modelisme-martinique.com\/index.php\/wp-json\/wp\/v2\/pages\/10306\/revisions"}],"predecessor-version":[{"id":10376,"href":"https:\/\/modelisme-martinique.com\/index.php\/wp-json\/wp\/v2\/pages\/10306\/revisions\/10376"}],"wp:attachment":[{"href":"https:\/\/modelisme-martinique.com\/index.php\/wp-json\/wp\/v2\/media?parent=10306"}],"curies":[{"name":"wp","href":"https:\/\/api.w.org\/{rel}","templated":true}]}}