{"id":10065,"date":"2019-04-29T06:43:35","date_gmt":"2019-04-29T04:43:35","guid":{"rendered":"https:\/\/modelisme-martinique.com\/?page_id=10065"},"modified":"2020-02-04T20:01:12","modified_gmt":"2020-02-05T00:01:12","slug":"tutoriel","status":"publish","type":"page","link":"https:\/\/modelisme-martinique.com\/index.php\/tutoriel\/","title":{"rendered":"Tutoriel"},"content":{"rendered":"<div class=\"row \"><div class=\"wpv-grid grid-1-1  wpv-first-level first unextended animation-from-bottom animated-active\" style=\"padding-top:0px;padding-bottom:0px\" id=\"wpv-column-e8667829335526a0bc421a468da68c0f\" ><div class=\"wpv-accordion-wrapper wpv-accordion-1\"><ul class=\"wpv-accordion\" data-collapsible=\"false\"><li class=\"pane-wrapper\" style=\"\">\n\t\t\t\t\t<h4 class=\"tab\"><span class=\"inner\">Que faire en cas de survirage ?<\/span><\/h4>\n\t\t\t\t\t<div class=\"pane\"><div class=\"inner\"><div class=\"row \"><div class=\"wpv-grid grid-1-1  first unextended\" style=\"padding-top:0px;padding-bottom:0px\" id=\"wpv-column-25fc20d80a29141831c3ac8e9ad4b884\" ><p><strong>Durcir les pneus avants :<\/strong> Cette solution n&rsquo;est pas toujours envisageable car la tendance sur les voitures classiques est d\u00e9j\u00e0 d&rsquo;utiliser des pneus relativement durs \u00e0 l&rsquo;avant (40~45 shore)<br \/>\n<strong>Mettre des pneus plus souples \u00e0 l&rsquo;arri\u00e8re :<\/strong> Cela peut aider mais attention, si les pneus sont trop souples, on peut accentuer le roulis et provoquer l&rsquo;effet inverse. Un indicateur int\u00e9ressant est de v\u00e9rifier si le ph\u00e9nom\u00e8ne de survirage s&rsquo;aggrave avec la mont\u00e9e en temp\u00e9rature des pneus. Si c&rsquo;est le cas, c&rsquo;est que les pneus sont trop mous. Il faut donc revenir sur des duret\u00e9s plus \u00e9lev\u00e9es et envisager d&rsquo;autres moyens de r\u00e9glage.<br \/>\n<strong>Augmenter l&rsquo;angle de chasse :<\/strong> Un moyen de r\u00e9glage tr\u00e8s utilis\u00e9 en classique qui consiste \u00e0 coucher le train avant afin de r\u00e9duire la surface de contact des pneus avants lors du braquage des roues. On r\u00e9duit alors l&rsquo;adh\u00e9rence du train avant et par voie de cons\u00e9quence, on redonne de l&rsquo;accroche au train arri\u00e8re.<br \/>\n<strong>R\u00e9duire le d\u00e9battement du servo de direction<\/strong> : Une voiture survireuse a souvent tendance \u00e0 \u00eatre trop vive, trop directive. Un d\u00e9battement plus faible de la direction redonnera un comportement plus souple \u00e0 la voiture.<\/div><\/div><\/div><\/div>\n\t\t\t\t\t<\/li><li class=\"pane-wrapper\" style=\"\">\n\t\t\t\t\t<h4 class=\"tab\"><span class=\"inner\">Que faire en cas de sousvirage ?<\/span><\/h4>\n\t\t\t\t\t<div class=\"pane\"><div class=\"inner\"><div class=\"row \"><div class=\"wpv-grid grid-1-1  first unextended\" style=\"padding-top:0px;padding-bottom:0px\" id=\"wpv-column-61f2499a85fc8170f1857e2bf03da637\" ><ul>\n<li><strong>Mettre des pneus plus mous \u00e0 l&rsquo;avant<\/strong>\u00a0: Cela permet de redonner un peu d&rsquo;accroche sur l&rsquo;avant.<\/li>\n<li><strong>Diminuer l&rsquo;angle de chasse<\/strong>\u00a0: Cela permet d&rsquo;augmenter surface de contact des pneus avec le sol lors du braquage et donce d&rsquo;apporter un surplus d&rsquo;adh\u00e9rence,<\/li>\n<li><strong>Assouplir le diff\u00e9rentiel : \u00a0<\/strong>Dans le cas d&rsquo;un\u00a0diff\u00e9rentiel \u00e0 engrenages, il faut diminuer la viscosit\u00e9 de la graisse.<\/li>\n<li><strong>Ramener du poids sur l&rsquo;avant de l&rsquo;auto<\/strong>\u00a0: Pour cela, on peut par exemple utiliser des masses autocollantes (10\u00e0 \u00e0 15g) que l&rsquo;on peut placer sur le chassis afin de modifier la r\u00e9partition des masses<\/li>\n<li><strong>Ajouter un peu d&rsquo;ouverture sur le train avant :\u00a0<\/strong>En r\u00e9duisant la longueur des biellettes de direction<\/li>\n<li><strong>R\u00e9duire la voie sur le train avant :\u00a0<\/strong>Cela permet de rendre l&rsquo;auto plus directive.<\/li>\n<\/ul><\/div><\/div><\/div><\/div>\n\t\t\t\t\t<\/li><li class=\"pane-wrapper\" style=\"\">\n\t\t\t\t\t<h4 class=\"tab\"><span class=\"inner\">Que faire en cas de manque de motricit\u00e9 ?<\/span><\/h4>\n\t\t\t\t\t<div class=\"pane\"><div class=\"inner\"><div class=\"row \"><div class=\"wpv-grid grid-1-1  first unextended\" style=\"padding-top:0px;padding-bottom:0px\" id=\"wpv-column-312d11aca7a05f525d8602d7db1132dd\" ><ul>\n<li><b>Si le ph\u00e9nom\u00e8ne ne se produit que d&rsquo;un cot\u00e9 (virage \u00e0 gauche ou virage \u00e0 droite), il faut corriger en priorit\u00e9 l&rsquo;\u00e9quilibre global de la voiture :\u00a0<\/b>Soulever l&rsquo;avant de la voiture, et v\u00e9rifier que les 2 roues avant d\u00e9collent du \u00a0sol en m\u00eame temps. Si ce n&rsquo;est pas le cas, \u00a0il faut corriger ce d\u00e9faut en priorit\u00e9 \u00e0 l&rsquo;aide des but\u00e9es du train avant (ou arri\u00e8re) oscillant (r\u00e9glage du tweak)<\/li>\n<li><strong>Diminuer l&rsquo;angle de chasse sur le train avant :\u00a0<\/strong>l&rsquo;exc\u00e8s de chasse est souvent une \u00a0cause de perte de motricit\u00e9.<\/li>\n<li><strong>Augmenter la voie sur le train avant.<\/strong><\/li>\n<li><b>Augmenter la duret\u00e9 du diff\u00e9rentiel :\u00a0<\/b>Afin de d&rsquo;\u00e9viter qu le diff\u00e9rentiel \u00ab\u00a0cire\u00a0\u00bb<\/li>\n<li><strong>Durcir le chassis en torsion :\u00a0<\/strong>Si bien s\u00fbr la voiture poss\u00e8de ce type de r\u00e9glage<\/li>\n<li><strong>Durcir l&rsquo;osciilation du train oscillant :\u00a0<\/strong>Si bien s\u00fbr la voiture poss\u00e8de ce type de r\u00e9glage<\/li>\n<li><strong>Utiliser des pneus plus durs \u00e0 l&rsquo;arri\u00e8re<\/strong><\/li>\n<li><strong>Augmenter le carrossage sur le train arri\u00e8re<\/strong><\/li>\n<\/ul><\/div><\/div><\/div><\/div>\n\t\t\t\t\t<\/li><li class=\"pane-wrapper\" style=\"\">\n\t\t\t\t\t<h4 class=\"tab\"><span class=\"inner\">Que faire en cas d&rsquo;instabilit\u00e9 \u00e0 l&rsquo;acc\u00e9l\u00e9ration ?<\/span><\/h4>\n\t\t\t\t\t<div class=\"pane\"><div class=\"inner\"><div class=\"row \"><div class=\"wpv-grid grid-1-1  first unextended\" style=\"padding-top:0px;padding-bottom:0px\" id=\"wpv-column-91616d951813edafa6724dd8060f7c89\" ><ul>\n<li><b>V\u00e9rifier en priorit\u00e9 l&rsquo;\u00e9quilibre global de la voiture :\u00a0<\/b>Soulever l&rsquo;avant de la voiture, et v\u00e9rifier que les 2 roues avant d\u00e9collent du \u00a0sol en m\u00eame temps. Si ce n&rsquo;est pas le cas, \u00a0il faut corriger ce d\u00e9faut en priorit\u00e9 \u00e0 l&rsquo;aide des but\u00e9es du train avant (ou arri\u00e8re) oscillant (r\u00e9glage du tweak)<\/li>\n<li><strong>Assouplir le diff\u00e9rentiel<\/strong>\u00a0: Dans le cas d&rsquo;un diff\u00e9rentiel \u00e0 engrenages, il faut diminuer la viscosit\u00e9 de la graisse.<\/li>\n<li><strong>Lib\u00e9rer l\u00e9g\u00e8rement l&rsquo;oscillation du train avant :\u00a0<\/strong>Cela permet de mieux encaisser les irr\u00e9gularit\u00e9s de la piste et \u00e0 mieux r\u00e9partir la motricit\u00e9 sur les 2 roues arri\u00e8res<\/li>\n<li><strong>Contr\u00f4lez l&rsquo;\u00e9tat des pneus<\/strong>\n<ul>\n<li>Pr\u00e9sence \u00e9ventuelle d&rsquo;arrachements.<\/li>\n<li>Usure irr\u00e9guli\u00e8re (diff\u00e9rences de diam\u00e8tre cot\u00e9 droit\/gauche)<\/li>\n<\/ul>\n<\/li>\n<li><strong>Ajouter du pincement sur le train arri\u00e8re :\u00a0<\/strong>Si bien s\u00fbr votre voiture le permet (Jusqu&rsquo;\u00e0 3\u00b0 si n\u00e9cessaire)<\/li>\n<li><strong>Ajouter un peu de pincement ou d&rsquo;ouverture sur le train avant\u00a0<\/strong>pour stabiliser la voiture en ligne droite<\/li>\n<\/ul><\/div><\/div><\/div><\/div>\n\t\t\t\t\t<\/li><\/ul><style>.wpv-accordion-1 .tab .inner { background-color: #ffffff; color: #4A4F55; }<\/style><\/div><\/div><\/div>\n<div class=\"row \"><div class=\"wpv-grid grid-1-1  wpv-first-level first unextended\" style=\"padding-top:0px;padding-bottom:0px\" id=\"wpv-column-de07c45d0811d0420d3ec6945c18a72f\" ><\/div><\/div>\n","protected":false},"excerpt":{"rendered":"Que faire en cas de survirage ? Durcir les pneus avants : Cette solution n'est pas toujours envisageable car la tendance sur les voitures classiques est d\u00e9j\u00e0 d'utiliser des pneus relativement durs \u00e0 l'avant (40~45 shore) Mettre des pneus plus souples \u00e0 l'arri\u00e8re : Cela peut aider mais attention, si les pneus sont trop souples,","protected":false},"author":1,"featured_media":0,"parent":0,"menu_order":0,"comment_status":"closed","ping_status":"closed","template":"","meta":[],"yoast_head":"<!-- This site is optimized with the Yoast SEO plugin v15.9 - https:\/\/yoast.com\/wordpress\/plugins\/seo\/ -->\n<title>Tutoriel - martinique modelisme<\/title>\n<meta name=\"robots\" content=\"index, follow, max-snippet:-1, max-image-preview:large, max-video-preview:-1\" \/>\n<link rel=\"canonical\" href=\"https:\/\/modelisme-martinique.com\/index.php\/tutoriel\/\" \/>\n<meta property=\"og:locale\" content=\"fr_FR\" \/>\n<meta property=\"og:type\" content=\"article\" \/>\n<meta property=\"og:title\" content=\"Tutoriel - martinique modelisme\" \/>\n<meta property=\"og:url\" content=\"https:\/\/modelisme-martinique.com\/index.php\/tutoriel\/\" \/>\n<meta property=\"og:site_name\" content=\"martinique modelisme\" \/>\n<meta property=\"article:modified_time\" content=\"2020-02-05T00:01:12+00:00\" \/>\n<meta name=\"twitter:card\" content=\"summary_large_image\" \/>\n<meta name=\"twitter:label1\" content=\"Dur\u00e9e de lecture est.\">\n\t<meta name=\"twitter:data1\" content=\"4 minutes\">\n<script type=\"application\/ld+json\" class=\"yoast-schema-graph\">{\"@context\":\"https:\/\/schema.org\",\"@graph\":[{\"@type\":\"WebSite\",\"@id\":\"https:\/\/modelisme-martinique.com\/#website\",\"url\":\"https:\/\/modelisme-martinique.com\/\",\"name\":\"martinique modelisme\",\"description\":\"Le num\\u00e9ro 1 de la voiture RC en Martinique\",\"potentialAction\":[{\"@type\":\"SearchAction\",\"target\":\"https:\/\/modelisme-martinique.com\/?s={search_term_string}\",\"query-input\":\"required name=search_term_string\"}],\"inLanguage\":\"fr-FR\"},{\"@type\":\"WebPage\",\"@id\":\"https:\/\/modelisme-martinique.com\/index.php\/tutoriel\/#webpage\",\"url\":\"https:\/\/modelisme-martinique.com\/index.php\/tutoriel\/\",\"name\":\"Tutoriel - martinique modelisme\",\"isPartOf\":{\"@id\":\"https:\/\/modelisme-martinique.com\/#website\"},\"datePublished\":\"2019-04-29T04:43:35+00:00\",\"dateModified\":\"2020-02-05T00:01:12+00:00\",\"breadcrumb\":{\"@id\":\"https:\/\/modelisme-martinique.com\/index.php\/tutoriel\/#breadcrumb\"},\"inLanguage\":\"fr-FR\",\"potentialAction\":[{\"@type\":\"ReadAction\",\"target\":[\"https:\/\/modelisme-martinique.com\/index.php\/tutoriel\/\"]}]},{\"@type\":\"BreadcrumbList\",\"@id\":\"https:\/\/modelisme-martinique.com\/index.php\/tutoriel\/#breadcrumb\",\"itemListElement\":[{\"@type\":\"ListItem\",\"position\":1,\"item\":{\"@type\":\"WebPage\",\"@id\":\"https:\/\/modelisme-martinique.com\/\",\"url\":\"https:\/\/modelisme-martinique.com\/\",\"name\":\"Accueil\"}},{\"@type\":\"ListItem\",\"position\":2,\"item\":{\"@type\":\"WebPage\",\"@id\":\"https:\/\/modelisme-martinique.com\/index.php\/tutoriel\/\",\"url\":\"https:\/\/modelisme-martinique.com\/index.php\/tutoriel\/\",\"name\":\"Tutoriel\"}}]}]}<\/script>\n<!-- \/ Yoast SEO plugin. -->","_links":{"self":[{"href":"https:\/\/modelisme-martinique.com\/index.php\/wp-json\/wp\/v2\/pages\/10065"}],"collection":[{"href":"https:\/\/modelisme-martinique.com\/index.php\/wp-json\/wp\/v2\/pages"}],"about":[{"href":"https:\/\/modelisme-martinique.com\/index.php\/wp-json\/wp\/v2\/types\/page"}],"author":[{"embeddable":true,"href":"https:\/\/modelisme-martinique.com\/index.php\/wp-json\/wp\/v2\/users\/1"}],"replies":[{"embeddable":true,"href":"https:\/\/modelisme-martinique.com\/index.php\/wp-json\/wp\/v2\/comments?post=10065"}],"version-history":[{"count":4,"href":"https:\/\/modelisme-martinique.com\/index.php\/wp-json\/wp\/v2\/pages\/10065\/revisions"}],"predecessor-version":[{"id":10429,"href":"https:\/\/modelisme-martinique.com\/index.php\/wp-json\/wp\/v2\/pages\/10065\/revisions\/10429"}],"wp:attachment":[{"href":"https:\/\/modelisme-martinique.com\/index.php\/wp-json\/wp\/v2\/media?parent=10065"}],"curies":[{"name":"wp","href":"https:\/\/api.w.org\/{rel}","templated":true}]}}